{"id":2619,"date":"2025-02-09T19:47:45","date_gmt":"2025-02-09T19:47:45","guid":{"rendered":"https:\/\/quetzal.geofisica.unam.mx\/econtinua\/?page_id=2619"},"modified":"2026-02-06T21:51:10","modified_gmt":"2026-02-06T21:51:10","slug":"docentes","status":"publish","type":"page","link":"https:\/\/educacioncontinua.geofisica.unam.mx\/index.php\/docentes\/","title":{"rendered":"Docentes"},"content":{"rendered":"\n<main class=\"wp-block-group alignfull site-content is-layout-flow wp-block-group-is-layout-flow\" id=\"header\" style=\"margin-top:0\">\n<div class=\"wp-block-cover alignfull\" style=\"padding-top:0px\"><span aria-hidden=\"true\" class=\"wp-block-cover__background has-black-background-color has-background-dim-40 has-background-dim\"><\/span><img loading=\"lazy\" decoding=\"async\" width=\"1280\" height=\"960\" class=\"wp-block-cover__image-background wp-image-3082\" alt=\"\" src=\"https:\/\/educacioncontinua.geofisica.unam.mx\/wp-content\/uploads\/2025\/04\/hero-docentes.jpg\" data-object-fit=\"cover\" srcset=\"https:\/\/educacioncontinua.geofisica.unam.mx\/wp-content\/uploads\/2025\/04\/hero-docentes.jpg 1280w, https:\/\/educacioncontinua.geofisica.unam.mx\/wp-content\/uploads\/2025\/04\/hero-docentes-300x225.jpg 300w, https:\/\/educacioncontinua.geofisica.unam.mx\/wp-content\/uploads\/2025\/04\/hero-docentes-1024x768.jpg 1024w\" sizes=\"(max-width: 1280px) 100vw, 1280px\" \/><div class=\"wp-block-cover__inner-container is-layout-flow wp-block-cover-is-layout-flow\">\n<div class=\"wp-block-group is-style-default has-global-padding is-layout-constrained wp-block-group-is-layout-constrained\">\n<div style=\"height:251px\" aria-hidden=\"true\" class=\"wp-block-spacer\"><\/div>\n\n\n\n<h2 class=\"wp-block-heading has-white-color has-text-color has-max-48-font-size\">Docentes<\/h2>\n\n\n\n<div style=\"height:63px\" aria-hidden=\"true\" class=\"wp-block-spacer\"><\/div>\n<\/div>\n<\/div><\/div>\n<\/main>\n\n\n\n<div id=\"services\" class=\"wp-block-group pattern_multiple_covers has-global-padding is-layout-constrained wp-block-group-is-layout-constrained\">\n<p class=\"has-text-align-left has-secondary-color has-text-color\" style=\"letter-spacing:1px\">COMPARTE TUS EVENTOS<\/p>\n\n\n\n<h2 class=\"wp-block-heading has-text-align-left has-large-font-size\">Docentes<\/h2>\n\n\n\n<h3 class=\"wp-block-heading\"><strong>Convocatoria desarrollo de Actividades Acad\u00e9micas 2026<\/strong><\/h3>\n\n\n\n<figure class=\"wp-block-image aligncenter size-large is-resized is-style-zoooom\"><img loading=\"lazy\" decoding=\"async\" width=\"791\" height=\"1024\" src=\"https:\/\/educacioncontinua.geofisica.unam.mx\/wp-content\/uploads\/2026\/02\/CartelPropuestasAcademicas2026b@2x-791x1024.png\" alt=\"\" class=\"wp-image-3791\" style=\"width:522px;height:auto\" srcset=\"https:\/\/educacioncontinua.geofisica.unam.mx\/wp-content\/uploads\/2026\/02\/CartelPropuestasAcademicas2026b@2x-791x1024.png 791w, https:\/\/educacioncontinua.geofisica.unam.mx\/wp-content\/uploads\/2026\/02\/CartelPropuestasAcademicas2026b@2x-232x300.png 232w, https:\/\/educacioncontinua.geofisica.unam.mx\/wp-content\/uploads\/2026\/02\/CartelPropuestasAcademicas2026b@2x.png 1224w\" sizes=\"(max-width: 791px) 100vw, 791px\" \/><\/figure>\n\n\n\n<h3 class=\"wp-block-heading\"><strong>Reserva de Aulas Presenciales<\/strong><\/h3>\n\n\n\n<p><strong>\u00a1Reserva un Aula!<\/strong><\/p>\n\n\n\n<p>El <em>Aula de Diplomados<\/em> y el <em>Aula del Futuro<\/em> est\u00e1n disponibles para su reserva a trav\u00e9s de su correspondiente formulario.<\/p>\n\n\n\n<div class=\"wp-block-columns is-layout-flex wp-container-core-columns-is-layout-1 wp-block-columns-is-layout-flex\">\n<div class=\"wp-block-column is-vertically-aligned-center is-layout-flow wp-block-column-is-layout-flow\">\n<figure class=\"wp-block-image aligncenter size-full is-resized\"><img loading=\"lazy\" decoding=\"async\" width=\"1600\" height=\"1197\" src=\"https:\/\/educacioncontinua.geofisica.unam.mx\/wp-content\/uploads\/2025\/04\/Aula-de-diplomados.png\" alt=\"\" class=\"wp-image-3093\" style=\"width:333px;height:auto\" srcset=\"https:\/\/educacioncontinua.geofisica.unam.mx\/wp-content\/uploads\/2025\/04\/Aula-de-diplomados.png 1600w, https:\/\/educacioncontinua.geofisica.unam.mx\/wp-content\/uploads\/2025\/04\/Aula-de-diplomados-300x224.png 300w, https:\/\/educacioncontinua.geofisica.unam.mx\/wp-content\/uploads\/2025\/04\/Aula-de-diplomados-1024x766.png 1024w\" sizes=\"(max-width: 1600px) 100vw, 1600px\" \/><\/figure>\n<\/div>\n\n\n\n<div class=\"wp-block-column is-style-shadow has-background is-layout-flow wp-block-column-is-layout-flow\" style=\"border-style:none;border-width:0px;background-color:#f4f5f8;padding-top:30px;padding-right:30px;padding-bottom:30px;padding-left:30px\">\n<figure class=\"wp-block-image aligncenter size-full is-resized\"><img loading=\"lazy\" decoding=\"async\" width=\"1148\" height=\"1148\" src=\"https:\/\/educacioncontinua.geofisica.unam.mx\/wp-content\/uploads\/2025\/04\/qr-code-aula-de-diplomados.png\" alt=\"\" class=\"wp-image-3088\" style=\"width:127px;height:auto\" srcset=\"https:\/\/educacioncontinua.geofisica.unam.mx\/wp-content\/uploads\/2025\/04\/qr-code-aula-de-diplomados.png 1148w, https:\/\/educacioncontinua.geofisica.unam.mx\/wp-content\/uploads\/2025\/04\/qr-code-aula-de-diplomados-300x300.png 300w, https:\/\/educacioncontinua.geofisica.unam.mx\/wp-content\/uploads\/2025\/04\/qr-code-aula-de-diplomados-1024x1024.png 1024w, https:\/\/educacioncontinua.geofisica.unam.mx\/wp-content\/uploads\/2025\/04\/qr-code-aula-de-diplomados-150x150.png 150w\" sizes=\"(max-width: 1148px) 100vw, 1148px\" \/><\/figure>\n\n\n\n<p class=\"has-text-align-center\"><strong><a href=\"https:\/\/docs.google.com\/forms\/d\/e\/1FAIpQLSesqZhXbzDGQPUKCQE2aYvkqhVQhBMWkpzfLZoAF5tDUEmbwA\/viewform\" data-type=\"page\" data-id=\"3345\" target=\"_blank\" rel=\"noreferrer noopener\">Aula de Diplomados<\/a><\/strong><\/p>\n<\/div>\n\n\n\n<div class=\"wp-block-column is-vertically-aligned-center is-layout-flow wp-block-column-is-layout-flow\">\n<figure class=\"wp-block-image aligncenter size-full is-resized\"><img loading=\"lazy\" decoding=\"async\" width=\"1600\" height=\"1197\" src=\"https:\/\/educacioncontinua.geofisica.unam.mx\/wp-content\/uploads\/2025\/04\/Aula-del-futuro.png\" alt=\"\" class=\"wp-image-3094\" style=\"width:333px;height:auto\" srcset=\"https:\/\/educacioncontinua.geofisica.unam.mx\/wp-content\/uploads\/2025\/04\/Aula-del-futuro.png 1600w, https:\/\/educacioncontinua.geofisica.unam.mx\/wp-content\/uploads\/2025\/04\/Aula-del-futuro-300x224.png 300w, https:\/\/educacioncontinua.geofisica.unam.mx\/wp-content\/uploads\/2025\/04\/Aula-del-futuro-1024x766.png 1024w\" sizes=\"(max-width: 1600px) 100vw, 1600px\" \/><\/figure>\n<\/div>\n\n\n\n<div class=\"wp-block-column is-style-shadow has-background is-layout-flow wp-block-column-is-layout-flow\" style=\"border-style:none;border-width:0px;background-color:#f4f5f8;padding-top:30px;padding-right:30px;padding-bottom:30px;padding-left:30px\">\n<figure class=\"wp-block-image aligncenter size-full is-resized\"><img loading=\"lazy\" decoding=\"async\" width=\"1148\" height=\"1148\" src=\"https:\/\/educacioncontinua.geofisica.unam.mx\/wp-content\/uploads\/2025\/04\/qr-code-aula-del-futuro.png\" alt=\"\" class=\"wp-image-3095\" style=\"width:129px;height:auto\" srcset=\"https:\/\/educacioncontinua.geofisica.unam.mx\/wp-content\/uploads\/2025\/04\/qr-code-aula-del-futuro.png 1148w, https:\/\/educacioncontinua.geofisica.unam.mx\/wp-content\/uploads\/2025\/04\/qr-code-aula-del-futuro-300x300.png 300w, https:\/\/educacioncontinua.geofisica.unam.mx\/wp-content\/uploads\/2025\/04\/qr-code-aula-del-futuro-1024x1024.png 1024w, https:\/\/educacioncontinua.geofisica.unam.mx\/wp-content\/uploads\/2025\/04\/qr-code-aula-del-futuro-150x150.png 150w\" sizes=\"(max-width: 1148px) 100vw, 1148px\" \/><\/figure>\n\n\n\n<p class=\"has-text-align-center\"><strong><a href=\"https:\/\/docs.google.com\/forms\/d\/e\/1FAIpQLSf0A9QAGLyQ16WlP9X6qH0XEE8ELjs4JgffLXX5v4NSHIJ6jQ\/viewform\" data-type=\"link\" data-id=\"https:\/\/bit.ly\/aula_futuro\" target=\"_blank\" rel=\"noreferrer noopener\">Aula del Futuro<\/a><\/strong><\/p>\n<\/div>\n<\/div>\n\n\n\n<h3 class=\"wp-block-heading\"><strong>Dar de alta un aula de Zoom<\/strong><\/h3>\n\n\n\n<p>La puede dar de alta en el siguiente enlace: <a href=\"https:\/\/aulas-virtuales.cuaed.unam.mx\/docentes.html\" target=\"_blank\" rel=\"noreferrer noopener\">https:\/\/aulas-virtuales.cuaed.unam.mx\/docentes.html<\/a>.<br>Para poder solicitarla, debe ser personal activo en la UNAM, y le solicitar\u00e1 su RFC para validarle.<\/p>\n\n\n\n<h3 class=\"wp-block-heading\"><strong>Google Meet<\/strong><\/h3>\n\n\n\n<p>Si tiene una cuenta en el dominio igeofisica.unam.mx, cuenta con acceso a Google Workspace for Education, por lo que dispone de funcionalidades ampliadas en la plataforma Google Meet. Puede utilizarla en <a href=\"https:\/\/meet.google.com\" target=\"_blank\" rel=\"noreferrer noopener\">https:\/\/meet.google.com<\/a> o bien agend\u00e1ndola a trav\u00e9s del calendario de Google en <a href=\"https:\/\/calendar.google.com\/\" target=\"_blank\" rel=\"noreferrer noopener\">https:\/\/calendar.google.com\/<\/a> Para utilizar estas aplicaciones, primero debe firmarse en su cuenta de correo.<\/p>\n\n\n\n<p>Para cualquier duda adicional o asistencia t\u00e9cnica, puede ponerse en contacto con la Unidad de Educaci\u00f3n Continua <a href=\"mailto:educacioncontinua@igeofisica.unam.mx\" target=\"_blank\" rel=\"noreferrer noopener\">educacioncontinua@igeofisica.unam.mx<\/a>, donde con gusto le ayudaremos.<\/p>\n<\/div>\n\n\n\n<div style=\"height:49px\" aria-hidden=\"true\" class=\"wp-block-spacer\"><\/div>\n\n\n\n<div class=\"wp-block-group has-global-padding is-layout-constrained wp-block-group-is-layout-constrained\">\n<h2 class=\"wp-block-heading has-text-align-left has-large-font-size\">Plataformas<\/h2>\n\n\n\n<div class=\"wp-block-columns is-layout-flex wp-container-core-columns-is-layout-2 wp-block-columns-is-layout-flex\">\n<div class=\"wp-block-column is-style-shadow has-background is-layout-flow wp-block-column-is-layout-flow\" style=\"border-style:none;border-width:0px;background-color:#f4f5f8;padding-top:30px;padding-right:30px;padding-bottom:30px;padding-left:30px\">\n<figure class=\"wp-block-image aligncenter size-full is-resized\"><img loading=\"lazy\" decoding=\"async\" width=\"540\" height=\"540\" src=\"https:\/\/educacioncontinua.geofisica.unam.mx\/wp-content\/uploads\/2025\/08\/logo-moodle.png\" alt=\"\" class=\"wp-image-3320\" style=\"width:86px;height:auto\" srcset=\"https:\/\/educacioncontinua.geofisica.unam.mx\/wp-content\/uploads\/2025\/08\/logo-moodle.png 540w, https:\/\/educacioncontinua.geofisica.unam.mx\/wp-content\/uploads\/2025\/08\/logo-moodle-300x300.png 300w, https:\/\/educacioncontinua.geofisica.unam.mx\/wp-content\/uploads\/2025\/08\/logo-moodle-150x150.png 150w\" sizes=\"(max-width: 540px) 100vw, 540px\" \/><\/figure>\n\n\n\n<h3 class=\"wp-block-heading has-text-align-center\"><a href=\"https:\/\/moodle.geofisica.unam.mx\/moodle\" data-type=\"link\" data-id=\"https:\/\/moodle.geofisica.unam.mx\/moodle\" target=\"_blank\" rel=\"noreferrer noopener\">Acceso a Moodle<\/a><\/h3>\n<\/div>\n\n\n\n<div class=\"wp-block-column is-style-shadow has-background is-layout-flow wp-block-column-is-layout-flow\" style=\"border-style:none;border-width:0px;background-color:#f4f5f8;padding-top:30px;padding-right:30px;padding-bottom:30px;padding-left:30px\">\n<figure class=\"wp-block-image aligncenter size-full is-resized\"><img loading=\"lazy\" decoding=\"async\" width=\"832\" height=\"832\" src=\"https:\/\/educacioncontinua.geofisica.unam.mx\/wp-content\/uploads\/2025\/08\/logo-classroom.png\" alt=\"\" class=\"wp-image-3319\" style=\"width:91px;height:auto\" srcset=\"https:\/\/educacioncontinua.geofisica.unam.mx\/wp-content\/uploads\/2025\/08\/logo-classroom.png 832w, https:\/\/educacioncontinua.geofisica.unam.mx\/wp-content\/uploads\/2025\/08\/logo-classroom-300x300.png 300w, https:\/\/educacioncontinua.geofisica.unam.mx\/wp-content\/uploads\/2025\/08\/logo-classroom-150x150.png 150w\" sizes=\"(max-width: 832px) 100vw, 832px\" \/><\/figure>\n\n\n\n<h3 class=\"wp-block-heading has-text-align-center\"><a href=\"https:\/\/classroom.google.com\/\" data-type=\"link\" data-id=\"https:\/\/classroom.google.com\/\" target=\"_blank\" rel=\"noreferrer noopener\">Acceso a Classroom<\/a><\/h3>\n<\/div>\n<\/div>\n<\/div>\n\n\n\n<div id=\"services\" class=\"wp-block-group pattern_multiple_covers has-global-padding is-layout-constrained wp-block-group-is-layout-constrained\">\n<h3 class=\"wp-block-heading\"><strong>Propuestas de actividades acad\u00e9micas<\/strong><\/h3>\n\n\n\n<p>Las actividades acad\u00e9micas en la <strong>Unidad de Educaci\u00f3n Continua<\/strong> se inician como propuestas del personal acad\u00e9mico, las cuales son revisadas por el Comit\u00e9 de Educaci\u00f3n Continua (CEC) del Instituto de Geof\u00edsica.<\/p>\n\n\n\n<p>Si desea proponer un curso, taller o diplomado, por favor llene el formato que corresponda al tipo de actividad que desee realizar. Una vez concluido, env\u00edelo a la <em>Ing. Lucila Cortina<\/em> (educacioncontinua@igeofisica.unam.mx) para revisarlo en conjunto con Usted y acordar su posterior exposici\u00f3n ante el CEC.<\/p>\n\n\n\n<p><em>* Por favor haga una copia del formato que utilizar\u00e1 y ya podr\u00e1 editarlo en su cuenta de Drive o bien elija Descargar, para poder editarlo en su computadora con  Office.<\/em><\/p>\n\n\n\n<div class=\"wp-block-group has-global-padding is-layout-constrained wp-block-group-is-layout-constrained\">\n<div class=\"wp-block-group is-layout-flow wp-block-group-is-layout-flow\">\n<div style=\"height:26px\" aria-hidden=\"true\" class=\"wp-block-spacer\"><\/div>\n\n\n\n<div class=\"wp-block-columns is-layout-flex wp-container-core-columns-is-layout-3 wp-block-columns-is-layout-flex\">\n<div class=\"wp-block-column is-style-shadow has-background is-layout-flow wp-block-column-is-layout-flow\" style=\"border-style:none;border-width:0px;background-color:#f4f5f8;padding-top:30px;padding-right:30px;padding-bottom:30px;padding-left:30px\">\n<h4 class=\"wp-block-heading has-text-align-center\"><mark style=\"background-color:rgba(0, 0, 0, 0);color:#bd8c00\" class=\"has-inline-color\"><a href=\"https:\/\/docs.google.com\/document\/d\/1Syy06yHRVEwwZVYS5cfvVYKrUXMO5nNg\/edit?usp=drive_link&amp;ouid=111533231591772170670&amp;rtpof=true&amp;sd=true\" target=\"_blank\" rel=\"noreferrer noopener\">Propuesta de curso<\/a><\/mark><\/h4>\n\n\n\n<figure class=\"wp-block-image aligncenter size-full is-resized\"><img loading=\"lazy\" decoding=\"async\" width=\"100\" height=\"100\" src=\"https:\/\/educacioncontinua.geofisica.unam.mx\/wp-content\/uploads\/2025\/06\/icono-form.png\" alt=\"\" class=\"wp-image-3228\" style=\"width:79px;height:79px\"\/><\/figure>\n<\/div>\n\n\n\n<div class=\"wp-block-column is-style-shadow has-background is-layout-flow wp-block-column-is-layout-flow\" style=\"border-style:none;border-width:0px;background-color:#f4f5f8;padding-top:30px;padding-right:30px;padding-bottom:30px;padding-left:30px\">\n<h4 class=\"wp-block-heading has-text-align-center\"><mark style=\"background-color:rgba(0, 0, 0, 0);color:#bd8c00\" class=\"has-inline-color\"><a href=\"https:\/\/docs.google.com\/document\/d\/1fqukU9PDz4lvhmq5uHw71g6QXzmXpUpO\/edit?usp=drive_link&amp;ouid=111533231591772170670&amp;rtpof=true&amp;sd=true\" target=\"_blank\" rel=\"noreferrer noopener\">Propuesta de taller<\/a><\/mark><\/h4>\n\n\n\n<figure class=\"wp-block-image aligncenter size-full is-resized\"><img loading=\"lazy\" decoding=\"async\" width=\"100\" height=\"100\" src=\"https:\/\/educacioncontinua.geofisica.unam.mx\/wp-content\/uploads\/2025\/06\/icono-form.png\" alt=\"\" class=\"wp-image-3228\" style=\"width:79px;height:79px\"\/><\/figure>\n<\/div>\n\n\n\n<div class=\"wp-block-column is-style-shadow has-background is-layout-flow wp-block-column-is-layout-flow\" style=\"border-style:none;border-width:0px;background-color:#f4f5f8;padding-top:30px;padding-right:30px;padding-bottom:30px;padding-left:30px\">\n<h4 class=\"wp-block-heading has-text-align-center\"><a href=\"https:\/\/docs.google.com\/document\/d\/1JEwzTxUf2oEnzRibEv5Yv_ehc1ZvgDVh\/edit?usp=drive_link&amp;ouid=111533231591772170670&amp;rtpof=true&amp;sd=true\" data-type=\"link\" data-id=\"https:\/\/docs.google.com\/document\/d\/13k3vei_mvjgHp8ACrZFx18GrOtgxJ7yF\/edit?usp=sharing&amp;ouid=111533231591772170670&amp;rtpof=true&amp;sd=true\" target=\"_blank\" rel=\"noreferrer noopener\">Propuesta de diplomado<\/a><\/h4>\n\n\n\n<figure class=\"wp-block-image aligncenter size-full is-resized\"><img loading=\"lazy\" decoding=\"async\" width=\"100\" height=\"100\" src=\"https:\/\/educacioncontinua.geofisica.unam.mx\/wp-content\/uploads\/2025\/06\/icono-form.png\" alt=\"\" class=\"wp-image-3228\" style=\"width:79px;height:79px\"\/><\/figure>\n<\/div>\n\n\n\n<div class=\"wp-block-column is-style-shadow has-background is-layout-flow wp-block-column-is-layout-flow\" style=\"border-style:none;border-width:0px;background-color:#f4f5f8;padding-top:30px;padding-right:30px;padding-bottom:30px;padding-left:30px\">\n<h4 class=\"wp-block-heading has-text-align-center\"><a href=\"https:\/\/docs.google.com\/document\/d\/1-HBUv0qSYufa6ec0VElRilNGcapLU1-o\/edit?usp=drive_link&amp;ouid=111533231591772170670&amp;rtpof=true&amp;sd=true\" data-type=\"link\" data-id=\"https:\/\/docs.google.com\/document\/d\/1-HBUv0qSYufa6ec0VElRilNGcapLU1-o\/edit?usp=drive_link&amp;ouid=111533231591772170670&amp;rtpof=true&amp;sd=true\" target=\"_blank\" rel=\"noreferrer noopener\">Aviso al CEC de curso o taller<\/a><\/h4>\n\n\n\n<figure class=\"wp-block-image aligncenter size-full is-resized\"><img loading=\"lazy\" decoding=\"async\" width=\"100\" height=\"100\" src=\"https:\/\/educacioncontinua.geofisica.unam.mx\/wp-content\/uploads\/2025\/06\/icono-form.png\" alt=\"\" class=\"wp-image-3228\" style=\"width:79px;height:79px\"\/><\/figure>\n<\/div>\n<\/div>\n\n\n\n<div style=\"height:27px\" aria-hidden=\"true\" class=\"wp-block-spacer\"><\/div>\n\n\n\n<p>Las modalidades que trabajamos son:<\/p>\n\n\n\n<p><strong>Presencial<\/strong><\/p>\n\n\n\n<p>Se imparte con apoyo de la plataforma&nbsp;<em>Classroom<\/em>&nbsp;o&nbsp;<em>Moodle<\/em>&nbsp;para la entrega y retroalimentaci\u00f3n de las actividades de aprendizaje.<\/p>\n\n\n\n<p><strong>En l\u00ednea<\/strong><\/p>\n\n\n\n<p>Se imparte de forma s\u00edncrona con apoyo de alguna plataforma como&nbsp;<em>Zoom<\/em>&nbsp;o&nbsp;<em>Meet<\/em>, y de&nbsp;<em>Classroom<\/em>&nbsp;o&nbsp;<em>Moodle<\/em>&nbsp;para la entrega y retroalimentaci\u00f3n de las actividades de aprendizaje.<\/p>\n\n\n\n<p><strong>A distancia<\/strong><\/p>\n\n\n\n<p>Se imparte de forma as\u00edncrona con contenidos multimedia dentro de la plataforma&nbsp;<em>Classroom<\/em>&nbsp;o&nbsp;<em>Moodle<\/em>.<\/p>\n\n\n\n<p><strong>H\u00edbrida<\/strong><\/p>\n\n\n\n<p>Combina la ense\u00f1anza presencial en un aula f\u00edsica con el aprendizaje en l\u00ednea. Los estudiantes pueden elegir la modalidad en la que participar\u00e1n en la clase, ya que ambas modalidades se efect\u00faan al mismo tiempo.<\/p>\n\n\n\n<p><strong>Mixta<\/strong><\/p>\n\n\n\n<p>Cualquier combinaci\u00f3n de las modalidades anteriores.<\/p>\n\n\n\n<div style=\"height:27px\" aria-hidden=\"true\" class=\"wp-block-spacer\"><\/div>\n<\/div>\n<\/div>\n<\/div>\n\n\n\n<div class=\"wp-block-group has-global-padding is-layout-constrained wp-block-group-is-layout-constrained\">\n<h3 class=\"wp-block-heading\"><strong>Recomendaciones para instructores<\/strong><\/h3>\n\n\n\n<div class=\"wp-block-columns is-layout-flex wp-container-core-columns-is-layout-4 wp-block-columns-is-layout-flex\">\n<div class=\"wp-block-column is-style-shadow has-background is-layout-flow wp-block-column-is-layout-flow\" style=\"border-style:none;border-width:0px;background-color:#f4f5f8;padding-top:30px;padding-right:30px;padding-bottom:30px;padding-left:30px\">\n<pre class=\"wp-block-verse has-text-align-center\"><strong><mark style=\"background-color:rgba(0, 0, 0, 0)\" class=\"has-inline-color has-lightgrey-color\">Manual <a href=\"https:\/\/drive.google.com\/file\/d\/18iZgjR295hGL8MEV600SjbvhQbIHqEvw\/view?usp=sharing\" target=\"blank\" rel=\"noopener\">Preparaci\u00f3n para impartir clases en l\u00ednea<\/a><\/mark><\/strong><\/pre>\n<\/div>\n\n\n\n<div class=\"wp-block-column is-layout-flow wp-block-column-is-layout-flow\">\n<p class=\"has-text-align-center is-style-shadow has-background\" style=\"border-style:none;border-width:0px;background-color:#f4f5f8;padding-top:30px;padding-right:30px;padding-bottom:30px;padding-left:30px\"><strong><mark style=\"background-color:rgba(0, 0, 0, 0)\" class=\"has-inline-color has-lightgrey-color\">Pl\u00e1tica <\/mark><a href=\"https:\/\/youtu.be\/U__4jhjOZRc\" target=\"_blank\" rel=\"noreferrer noopener\">\u201cPreparando una sesi\u00f3n exitosa por zoom\u201d<\/a><\/strong><\/p>\n<\/div>\n<\/div>\n\n\n\n<h3 class=\"wp-block-heading\"><strong>Recursos<\/strong><\/h3>\n\n\n\n<div class=\"wp-block-columns is-layout-flex wp-container-core-columns-is-layout-5 wp-block-columns-is-layout-flex\">\n<div class=\"wp-block-column is-style-shadow has-background is-layout-flow wp-block-column-is-layout-flow\" style=\"border-style:none;border-width:0px;background-color:#f4f5f8;padding-top:30px;padding-right:30px;padding-bottom:30px;padding-left:30px\">\n<pre class=\"wp-block-verse has-text-align-center\"><strong><a href=\"https:\/\/drive.google.com\/drive\/folders\/1STNzevFuJMITuxsoJERkf64oPfiiz4Pk?usp=drive_link\" target=\"_blank\" rel=\"noreferrer noopener\">Plantillas PPT para clases<\/a><\/strong><\/pre>\n<\/div>\n\n\n\n<div class=\"wp-block-column is-layout-flow wp-block-column-is-layout-flow\">\n<p class=\"has-text-align-center is-style-shadow has-background\" style=\"border-style:none;border-width:0px;background-color:#f4f5f8;padding-top:30px;padding-right:30px;padding-bottom:30px;padding-left:30px\"><a href=\"https:\/\/drive.google.com\/drive\/folders\/13axGfZ1MMKvz1Opl4GwURzQX6CDuvtcV?usp=drive_link\" target=\"_blank\" rel=\"noreferrer noopener\"><strong>Fondos de Zoom<\/strong><\/a><br>con logos<\/p>\n<\/div>\n\n\n\n<div class=\"wp-block-column is-layout-flow wp-block-column-is-layout-flow\">\n<p class=\"has-text-align-center is-style-shadow has-background\" style=\"border-style:none;border-width:0px;background-color:#f4f5f8;padding-top:30px;padding-right:30px;padding-bottom:30px;padding-left:30px\"><strong><a href=\"https:\/\/drive.google.com\/drive\/folders\/1brNenQPNZSjoub9HN8HUGPt6z8m-gP7d?usp=drive_link\" target=\"_blank\" rel=\"noreferrer noopener\">Logos UNAM, Instituto de Geof\u00edsica y REDEC<\/a><\/strong><\/p>\n<\/div>\n<\/div>\n<\/div>\n\n\n\n<div class=\"wp-block-columns is-layout-flex wp-container-core-columns-is-layout-6 wp-block-columns-is-layout-flex\">\n<div class=\"wp-block-column is-layout-flow wp-block-column-is-layout-flow\"><\/div>\n\n\n\n<div class=\"wp-block-column is-layout-flow wp-block-column-is-layout-flow\"><\/div>\n<\/div>\n\n\n\n<div class=\"wp-block-group has-global-padding is-layout-constrained wp-block-group-is-layout-constrained\">\n<div class=\"wp-block-columns is-layout-flex wp-container-core-columns-is-layout-7 wp-block-columns-is-layout-flex\">\n<div class=\"wp-block-column is-layout-flow wp-block-column-is-layout-flow\">\n<p><strong>Calendario de reuniones del Comit\u00e9 de Educaci\u00f3n Continua<\/strong><\/p>\n\n\n\n<figure class=\"wp-block-image size-full is-resized is-style-zoooom\"><img loading=\"lazy\" decoding=\"async\" width=\"1024\" height=\"1280\" src=\"https:\/\/educacioncontinua.geofisica.unam.mx\/wp-content\/uploads\/2026\/01\/Calendario-CEC-2026.png\" alt=\"\" class=\"wp-image-3763\" style=\"width:469px;height:auto\" srcset=\"https:\/\/educacioncontinua.geofisica.unam.mx\/wp-content\/uploads\/2026\/01\/Calendario-CEC-2026.png 1024w, https:\/\/educacioncontinua.geofisica.unam.mx\/wp-content\/uploads\/2026\/01\/Calendario-CEC-2026-240x300.png 240w, https:\/\/educacioncontinua.geofisica.unam.mx\/wp-content\/uploads\/2026\/01\/Calendario-CEC-2026-819x1024.png 819w\" sizes=\"(max-width: 1024px) 100vw, 1024px\" \/><\/figure>\n<\/div>\n\n\n\n<div class=\"wp-block-column is-vertically-aligned-center is-layout-flow wp-block-column-is-layout-flow\">\n<p>Por favor considere el calendario de reuniones del<strong> Comit\u00e9 de Educaci\u00f3n Continua<\/strong> cuando vaya a presentar la propuesta de una actividad acad\u00e9mica. Sus propuestas&nbsp;las recibimos <strong>dos semanas antes<\/strong> de la Reuni\u00f3n del CEC.&nbsp;<\/p>\n\n\n\n<p>Una semana para trabajar su propuesta con Usted y una semana para que el CEC revise su propuesta antes de que la presente y realice observaciones.<\/p>\n<\/div>\n<\/div>\n<\/div>\n\n\n\n<p><\/p>\n","protected":false},"excerpt":{"rendered":"<p>COMPARTE TUS EVENTOS Docentes Convocatoria desarrollo de Actividades Acad\u00e9micas 2026 Reserva de Aulas Presenciales \u00a1Reserva un Aula! El Aula de Diplomados y el Aula del Futuro est\u00e1n disponibles para su reserva a trav\u00e9s de su correspondiente formulario. Aula de Diplomados Aula del Futuro Dar de alta un aula de Zoom La puede dar de alta &hellip; <\/p>\n<p class=\"link-more\"><a href=\"https:\/\/educacioncontinua.geofisica.unam.mx\/index.php\/docentes\/\" class=\"more-link\">Read more<span class=\"screen-reader-text\"> &#8220;Docentes&#8221;<\/span><\/a><\/p>\n","protected":false},"author":1,"featured_media":0,"parent":0,"menu_order":0,"comment_status":"closed","ping_status":"closed","template":"page-templates\/full-width-no-title.php","meta":{"footnotes":""},"class_list":["post-2619","page","type-page","status-publish","hentry"],"_links":{"self":[{"href":"https:\/\/educacioncontinua.geofisica.unam.mx\/index.php\/wp-json\/wp\/v2\/pages\/2619"}],"collection":[{"href":"https:\/\/educacioncontinua.geofisica.unam.mx\/index.php\/wp-json\/wp\/v2\/pages"}],"about":[{"href":"https:\/\/educacioncontinua.geofisica.unam.mx\/index.php\/wp-json\/wp\/v2\/types\/page"}],"author":[{"embeddable":true,"href":"https:\/\/educacioncontinua.geofisica.unam.mx\/index.php\/wp-json\/wp\/v2\/users\/1"}],"replies":[{"embeddable":true,"href":"https:\/\/educacioncontinua.geofisica.unam.mx\/index.php\/wp-json\/wp\/v2\/comments?post=2619"}],"version-history":[{"count":82,"href":"https:\/\/educacioncontinua.geofisica.unam.mx\/index.php\/wp-json\/wp\/v2\/pages\/2619\/revisions"}],"predecessor-version":[{"id":3795,"href":"https:\/\/educacioncontinua.geofisica.unam.mx\/index.php\/wp-json\/wp\/v2\/pages\/2619\/revisions\/3795"}],"wp:attachment":[{"href":"https:\/\/educacioncontinua.geofisica.unam.mx\/index.php\/wp-json\/wp\/v2\/media?parent=2619"}],"curies":[{"name":"wp","href":"https:\/\/api.w.org\/{rel}","templated":true}]}}