{"id":2634,"date":"2025-02-11T01:29:51","date_gmt":"2025-02-11T01:29:51","guid":{"rendered":"https:\/\/quetzal.geofisica.unam.mx\/econtinua\/?page_id=2634"},"modified":"2025-04-29T21:37:36","modified_gmt":"2025-04-29T21:37:36","slug":"2634-2","status":"publish","type":"page","link":"https:\/\/educacioncontinua.geofisica.unam.mx\/index.php\/2634-2\/","title":{"rendered":"Contacto"},"content":{"rendered":"\n<main class=\"wp-block-group alignfull site-content is-layout-flow wp-block-group-is-layout-flow\" id=\"header\" style=\"margin-top:0\">\n<div class=\"wp-block-cover alignfull\" style=\"padding-top:0px\"><span aria-hidden=\"true\" class=\"wp-block-cover__background has-black-background-color has-background-dim-40 has-background-dim\"><\/span><img loading=\"lazy\" decoding=\"async\" width=\"2560\" height=\"1707\" class=\"wp-block-cover__image-background wp-image-2637\" alt=\"\" src=\"https:\/\/quetzal.geofisica.unam.mx\/econtinua\/wp-content\/uploads\/2025\/02\/hero-cursosesp-scaled.jpg\" data-object-fit=\"cover\" srcset=\"https:\/\/educacioncontinua.geofisica.unam.mx\/wp-content\/uploads\/2025\/02\/hero-cursosesp-scaled.jpg 2560w, https:\/\/educacioncontinua.geofisica.unam.mx\/wp-content\/uploads\/2025\/02\/hero-cursosesp-300x200.jpg 300w, https:\/\/educacioncontinua.geofisica.unam.mx\/wp-content\/uploads\/2025\/02\/hero-cursosesp-1024x683.jpg 1024w, https:\/\/educacioncontinua.geofisica.unam.mx\/wp-content\/uploads\/2025\/02\/hero-cursosesp-2000x1333.jpg 2000w\" sizes=\"(max-width: 2560px) 100vw, 2560px\" \/><div class=\"wp-block-cover__inner-container is-layout-flow wp-block-cover-is-layout-flow\">\n<div class=\"wp-block-group is-style-default has-global-padding is-layout-constrained wp-block-group-is-layout-constrained\">\n<div style=\"height:251px\" aria-hidden=\"true\" class=\"wp-block-spacer\"><\/div>\n\n\n\n<h2 class=\"wp-block-heading has-white-color has-text-color has-max-48-font-size\">Contacto<\/h2>\n\n\n\n<div style=\"height:63px\" aria-hidden=\"true\" class=\"wp-block-spacer\"><\/div>\n<\/div>\n<\/div><\/div>\n<\/main>\n\n\n\n<div id=\"services\" class=\"wp-block-group pattern_multiple_covers has-global-padding is-layout-constrained wp-block-group-is-layout-constrained\">\n<p class=\"has-text-align-left has-secondary-color has-text-color\" style=\"letter-spacing:1px\">ACTIVIDADES ESPECIALIZADAS<\/p>\n\n\n\n<h2 class=\"wp-block-heading has-text-align-left has-large-font-size\">Capacitaciones a la medida<\/h2>\n\n\n\n<p><\/p>\n\n\n\n<p>El Instituto de Geof\u00edsica de la Universidad Nacional Aut\u00f3noma de M\u00e9xico ofrece actividades acad\u00e9micas especializadas, respaldadas por destacado personal&nbsp; acad\u00e9mico de diversas \u00e1reas de las Ciencias de la Tierra y de otras \u00e1reas.<\/p>\n\n\n\n<p>Esta capacitaci\u00f3n se adapta a las necesidades espec\u00edficas del sector gobierno y empresas particulares, abordando una amplia gama de temas que se imparten en diferentes modalidades: presencial, en l\u00ednea, a distancia o mixta.<\/p>\n\n\n\n<p>Si le interesa que se imparta capacitaci\u00f3n a su personal, favor de comunicarse a la <strong>Unidad de Educaci\u00f3n Continua<\/strong> con la Ing. Lucila Cortina <a href=\"mailto:lcortina@igeofisica.unam.mx\">lcortina@igeofisica.unam.mx<\/a>.<\/p>\n<\/div>\n\n\n\n<div style=\"height:0px\" aria-hidden=\"true\" class=\"wp-block-spacer\"><\/div>\n\n\n\n<p><\/p>\n\n\n\n<div style=\"height:100px\" aria-hidden=\"true\" class=\"wp-block-spacer\"><\/div>\n","protected":false},"excerpt":{"rendered":"<p>ACTIVIDADES ESPECIALIZADAS Capacitaciones a la medida El Instituto de Geof\u00edsica de la Universidad Nacional Aut\u00f3noma de M\u00e9xico ofrece actividades acad\u00e9micas especializadas, respaldadas por destacado personal&nbsp; acad\u00e9mico de diversas \u00e1reas de las Ciencias de la Tierra y de otras \u00e1reas. Esta capacitaci\u00f3n se adapta a las necesidades espec\u00edficas del sector gobierno y empresas particulares, abordando una &hellip; <\/p>\n<p class=\"link-more\"><a href=\"https:\/\/educacioncontinua.geofisica.unam.mx\/index.php\/2634-2\/\" class=\"more-link\">Read more<span class=\"screen-reader-text\"> &#8220;Contacto&#8221;<\/span><\/a><\/p>\n","protected":false},"author":1,"featured_media":0,"parent":0,"menu_order":0,"comment_status":"closed","ping_status":"closed","template":"page-templates\/full-width-no-title.php","meta":{"footnotes":""},"class_list":["post-2634","page","type-page","status-publish","hentry"],"_links":{"self":[{"href":"https:\/\/educacioncontinua.geofisica.unam.mx\/index.php\/wp-json\/wp\/v2\/pages\/2634"}],"collection":[{"href":"https:\/\/educacioncontinua.geofisica.unam.mx\/index.php\/wp-json\/wp\/v2\/pages"}],"about":[{"href":"https:\/\/educacioncontinua.geofisica.unam.mx\/index.php\/wp-json\/wp\/v2\/types\/page"}],"author":[{"embeddable":true,"href":"https:\/\/educacioncontinua.geofisica.unam.mx\/index.php\/wp-json\/wp\/v2\/users\/1"}],"replies":[{"embeddable":true,"href":"https:\/\/educacioncontinua.geofisica.unam.mx\/index.php\/wp-json\/wp\/v2\/comments?post=2634"}],"version-history":[{"count":5,"href":"https:\/\/educacioncontinua.geofisica.unam.mx\/index.php\/wp-json\/wp\/v2\/pages\/2634\/revisions"}],"predecessor-version":[{"id":3114,"href":"https:\/\/educacioncontinua.geofisica.unam.mx\/index.php\/wp-json\/wp\/v2\/pages\/2634\/revisions\/3114"}],"wp:attachment":[{"href":"https:\/\/educacioncontinua.geofisica.unam.mx\/index.php\/wp-json\/wp\/v2\/media?parent=2634"}],"curies":[{"name":"wp","href":"https:\/\/api.w.org\/{rel}","templated":true}]}}