{"id":42,"date":"2024-10-22T22:57:02","date_gmt":"2021-03-09T09:03:37","guid":{"rendered":"https:\/\/quetzal.geofisica.unam.mx\/econtinua\/index.php\/about-us\/"},"modified":"2026-02-07T15:20:10","modified_gmt":"2026-02-07T15:20:10","slug":"about-us","status":"publish","type":"page","link":"https:\/\/educacioncontinua.geofisica.unam.mx\/","title":{"rendered":"Inicio"},"content":{"rendered":"\n<div class=\"wp-block-group has-global-padding is-layout-constrained wp-block-group-is-layout-constrained\">\n<div class=\"wp-block-columns is-layout-flex wp-container-core-columns-is-layout-1 wp-block-columns-is-layout-flex\">\n<div class=\"wp-block-column is-layout-flow wp-block-column-is-layout-flow\">\n<figure class=\"wp-block-image size-full\"><img loading=\"lazy\" decoding=\"async\" width=\"2560\" height=\"1707\" src=\"https:\/\/educacioncontinua.geofisica.unam.mx\/wp-content\/uploads\/2025\/04\/mision-scaled.jpg\" alt=\"\" class=\"wp-image-2984\" srcset=\"https:\/\/educacioncontinua.geofisica.unam.mx\/wp-content\/uploads\/2025\/04\/mision-scaled.jpg 2560w, https:\/\/educacioncontinua.geofisica.unam.mx\/wp-content\/uploads\/2025\/04\/mision-300x200.jpg 300w, https:\/\/educacioncontinua.geofisica.unam.mx\/wp-content\/uploads\/2025\/04\/mision-1024x683.jpg 1024w, https:\/\/educacioncontinua.geofisica.unam.mx\/wp-content\/uploads\/2025\/04\/mision-2000x1333.jpg 2000w\" sizes=\"(max-width: 2560px) 100vw, 2560px\" \/><\/figure>\n\n\n\n<h3 class=\"wp-block-heading has-black-color has-text-color has-medium-font-size\"><strong>Misi\u00f3n<\/strong><\/h3>\n\n\n\n<p class=\"has-text-color\" style=\"color:#7a7a7a\">La <strong>Unidad de Educaci\u00f3n Continua<\/strong> tiene como misi\u00f3n proporcionar programas educativos diversificados, que incluyen tanto formaci\u00f3n especializada en ciencias de la Tierra y disciplinas afines, como actividades acad\u00e9micas de inter\u00e9s general.&nbsp;<br><\/p>\n<\/div>\n\n\n\n<div class=\"wp-block-column is-layout-flow wp-block-column-is-layout-flow\">\n<figure class=\"wp-block-image size-full\"><img loading=\"lazy\" decoding=\"async\" width=\"1280\" height=\"853\" src=\"https:\/\/educacioncontinua.geofisica.unam.mx\/wp-content\/uploads\/2025\/04\/vision-edited.jpg\" alt=\"\" class=\"wp-image-2986\" srcset=\"https:\/\/educacioncontinua.geofisica.unam.mx\/wp-content\/uploads\/2025\/04\/vision-edited.jpg 1280w, https:\/\/educacioncontinua.geofisica.unam.mx\/wp-content\/uploads\/2025\/04\/vision-edited-300x200.jpg 300w, https:\/\/educacioncontinua.geofisica.unam.mx\/wp-content\/uploads\/2025\/04\/vision-edited-1024x682.jpg 1024w\" sizes=\"(max-width: 1280px) 100vw, 1280px\" \/><\/figure>\n\n\n\n<h3 class=\"wp-block-heading has-black-color has-text-color has-medium-font-size\"><strong>Visi\u00f3n<\/strong><\/h3>\n\n\n\n<p class=\"has-text-color\" style=\"color:#7a7a7a\">Ser un centro de <strong>referencia <\/strong>en educaci\u00f3n continua, reconocido por su capacidad para integrar la formaci\u00f3n especializada en ciencias de la Tierra con la ense\u00f1anza de <strong>habilidades transversales<\/strong> clave, formando profesionales con un enfoque integral, capaces de abordar los desaf\u00edos globales desde diversas perspectivas, con innovaci\u00f3n, sostenibilidad y responsabilidad social.<\/p>\n<\/div>\n<\/div>\n\n\n\n<div class=\"wp-block-columns is-layout-flex wp-container-core-columns-is-layout-2 wp-block-columns-is-layout-flex\">\n<div class=\"wp-block-column is-layout-flow wp-block-column-is-layout-flow\">\n<figure class=\"wp-block-image size-full\"><img loading=\"lazy\" decoding=\"async\" width=\"1280\" height=\"853\" src=\"https:\/\/educacioncontinua.geofisica.unam.mx\/wp-content\/uploads\/2025\/04\/objetivos-edited.jpg\" alt=\"\" class=\"wp-image-2988\" srcset=\"https:\/\/educacioncontinua.geofisica.unam.mx\/wp-content\/uploads\/2025\/04\/objetivos-edited.jpg 1280w, https:\/\/educacioncontinua.geofisica.unam.mx\/wp-content\/uploads\/2025\/04\/objetivos-edited-300x200.jpg 300w, https:\/\/educacioncontinua.geofisica.unam.mx\/wp-content\/uploads\/2025\/04\/objetivos-edited-1024x682.jpg 1024w\" sizes=\"(max-width: 1280px) 100vw, 1280px\" \/><\/figure>\n\n\n\n<h3 class=\"wp-block-heading has-black-color has-text-color has-medium-font-size\"><strong>Objetivos<\/strong><\/h3>\n\n\n\n<p class=\"has-text-color\" style=\"color:#7a7a7a\">Nuestro objetivo es ofrecer <strong>actualizaci\u00f3n profesional especializada <\/strong>y de <strong>alta calidad<\/strong> a personas interesadas en adquirir los conocimientos y las habilidades cient\u00edficas y profesionales necesarias para enfrentar los retos del siglo XXI, que faciliten la innovaci\u00f3n, la toma de decisiones asertivas y el desarrollo sostenible.<\/p>\n<\/div>\n\n\n\n<div class=\"wp-block-column is-layout-flow wp-block-column-is-layout-flow\">\n<figure class=\"wp-block-image size-full\"><img loading=\"lazy\" decoding=\"async\" width=\"1280\" height=\"853\" src=\"https:\/\/educacioncontinua.geofisica.unam.mx\/wp-content\/uploads\/2025\/04\/funciones-edited.jpg\" alt=\"\" class=\"wp-image-2990\" srcset=\"https:\/\/educacioncontinua.geofisica.unam.mx\/wp-content\/uploads\/2025\/04\/funciones-edited.jpg 1280w, https:\/\/educacioncontinua.geofisica.unam.mx\/wp-content\/uploads\/2025\/04\/funciones-edited-300x200.jpg 300w, https:\/\/educacioncontinua.geofisica.unam.mx\/wp-content\/uploads\/2025\/04\/funciones-edited-1024x682.jpg 1024w\" sizes=\"(max-width: 1280px) 100vw, 1280px\" \/><\/figure>\n\n\n\n<h3 class=\"wp-block-heading has-black-color has-text-color has-medium-font-size\"><strong>Funciones<\/strong><\/h3>\n\n\n\n<p class=\"has-text-color\" style=\"color:#7a7a7a\"><strong>Dise\u00f1ar&nbsp;e impartir programas de formaci\u00f3n y actualizaci\u00f3n<\/strong>&nbsp;enfocados a las ciencias de la Tierra, temas relacionados y otros que atiendan las necesidades del sector acad\u00e9mico, gubernamental y privado.<br><strong>Establecer alianzas con instituciones nacionales e internacionales<\/strong>&nbsp;para ampliar la oferta educativa y fortalecer la vinculaci\u00f3n con el sector productivo.<br><strong>Promover el acceso a la educaci\u00f3n continua mediante plataformas digitales<\/strong>, fomentando la inclusi\u00f3n y la capacitaci\u00f3n a nivel nacional e internacional, adicional a la modalidad presencial.<\/p>\n<\/div>\n<\/div>\n\n\n\n<div style=\"height:65px\" aria-hidden=\"true\" class=\"wp-block-spacer\"><\/div>\n<\/div>\n\n\n\n<div class=\"wp-block-group alignfull has-text-color has-background has-link-color wp-elements-309432178a9b919c324933fbb4926151 has-global-padding is-layout-constrained wp-block-group-is-layout-constrained\" style=\"color:#000000;background-color:#e5e9ec;padding-top:var(--wp--preset--spacing--small);padding-bottom:var(--wp--preset--spacing--small)\">\n<h3 class=\"wp-block-heading has-large-font-size\" id=\"inspiro-is-a-digital-product-agency-that-focuses-on-strategy-and-desig\" style=\"font-weight:300\"><strong>Modalidades<\/strong><\/h3>\n\n\n\n<div class=\"wp-block-columns is-layout-flex wp-container-core-columns-is-layout-3 wp-block-columns-is-layout-flex\">\n<div class=\"wp-block-column is-layout-flow wp-block-column-is-layout-flow\">\n<p class=\"has-huge-font-size\">1<\/p>\n\n\n\n<h3 class=\"wp-block-heading has-extra-large-font-size\"><strong>Presencial<\/strong><\/h3>\n\n\n\n<p class=\"is-style-default\">Se imparte con apoyo de la plataforma <em>Classroom<\/em> o <em>Moodle<\/em> para la entrega y retroalimentaci\u00f3n de las actividades de aprendizaje.<\/p>\n<\/div>\n\n\n\n<div class=\"wp-block-column is-layout-flow wp-block-column-is-layout-flow\">\n<p class=\"has-huge-font-size\">2<\/p>\n\n\n\n<h3 class=\"wp-block-heading has-extra-large-font-size\"><strong>En l\u00ednea<\/strong><\/h3>\n\n\n\n<p>Se imparte de forma s\u00edncrona con apoyo de alguna plataforma como <em>Zoom<\/em> o <em>Meet<\/em>, y de <em>Classroom<\/em> o <em>Moodle<\/em> para la entrega y retroalimentaci\u00f3n de las actividades de aprendizaje.<\/p>\n<\/div>\n\n\n\n<div class=\"wp-block-column is-layout-flow wp-block-column-is-layout-flow\">\n<p class=\"has-huge-font-size\">3<\/p>\n\n\n\n<h3 class=\"wp-block-heading has-extra-large-font-size\"><strong>A distancia<\/strong><\/h3>\n\n\n\n<p>Se imparte de forma as\u00edncrona con contenidos multimedia dentro de la plataforma <em>Classroom<\/em> o <em>Moodle<\/em>.<\/p>\n\n\n\n<p><\/p>\n<\/div>\n\n\n\n<div class=\"wp-block-column is-layout-flow wp-block-column-is-layout-flow\">\n<p class=\"has-huge-font-size\">4<\/p>\n\n\n\n<h3 class=\"wp-block-heading has-extra-large-font-size\"><strong>H\u00edbrida<\/strong><\/h3>\n\n\n\n<p>Combina la ense\u00f1anza presencial en un aula f\u00edsica con el aprendizaje en l\u00ednea. Los estudiantes pueden elegir la modalidad en la que tomar\u00e1n la clase porque ambas modalidades se efect\u00faan al mismo tiempo.<\/p>\n<\/div>\n\n\n\n<div class=\"wp-block-column is-layout-flow wp-block-column-is-layout-flow\">\n<p class=\"has-huge-font-size\">5<\/p>\n\n\n\n<h3 class=\"wp-block-heading has-extra-large-font-size\"><strong>Mixta<\/strong><\/h3>\n\n\n\n<p>Combinaci\u00f3n de las modalidades anteriores.<\/p>\n<\/div>\n<\/div>\n\n\n\n<p><\/p>\n<\/div>\n\n\n\n<div class=\"wp-block-group has-global-padding is-layout-constrained wp-block-group-is-layout-constrained\">\n<div class=\"wp-block-group is-layout-flow wp-block-group-is-layout-flow\">\n<div style=\"height:63px\" aria-hidden=\"true\" class=\"wp-block-spacer\"><\/div>\n\n\n\n<p class=\"has-text-color\" style=\"color:#0bb4aa\">COMIT\u00c9 DE EDUCACI\u00d3N CONTINUA<\/p>\n\n\n\n<h2 class=\"wp-block-heading has-large-font-size\">Conoce al equipo<\/h2>\n\n\n\n<div style=\"height:32px\" aria-hidden=\"true\" class=\"wp-block-spacer\"><\/div>\n\n\n\n<div style=\"height:0px\" aria-hidden=\"true\" class=\"wp-block-spacer\"><\/div>\n\n\n\n<div class=\"wp-block-columns is-layout-flex wp-container-core-columns-is-layout-4 wp-block-columns-is-layout-flex\">\n<div class=\"wp-block-column is-style-default is-layout-flow wp-block-column-is-layout-flow\" style=\"border-style:none;border-width:0px;padding-top:0;padding-right:0;padding-bottom:0;padding-left:0\">\n<figure class=\"wp-block-image size-full\"><img loading=\"lazy\" decoding=\"async\" width=\"768\" height=\"895\" src=\"https:\/\/educacioncontinua.geofisica.unam.mx\/wp-content\/uploads\/2025\/10\/maricarmen-hernandez.jpg\" alt=\"\" class=\"wp-image-3464\" srcset=\"https:\/\/educacioncontinua.geofisica.unam.mx\/wp-content\/uploads\/2025\/10\/maricarmen-hernandez.jpg 768w, https:\/\/educacioncontinua.geofisica.unam.mx\/wp-content\/uploads\/2025\/10\/maricarmen-hernandez-257x300.jpg 257w\" sizes=\"(max-width: 768px) 100vw, 768px\" \/><\/figure>\n\n\n\n<h2 class=\"wp-block-heading\">Mtra. Maricarmen Hern\u00e1ndez Cervantes<\/h2>\n\n\n\n<p><strong>Presidenta<\/strong><\/p>\n\n\n\n<p><\/p>\n<\/div>\n\n\n\n<div class=\"wp-block-column is-style-default is-layout-flow wp-block-column-is-layout-flow\" style=\"border-style:none;border-width:0px;padding-top:0;padding-right:0;padding-bottom:0;padding-left:0\">\n<figure class=\"wp-block-image size-full\"><img loading=\"lazy\" decoding=\"async\" width=\"768\" height=\"895\" src=\"https:\/\/educacioncontinua.geofisica.unam.mx\/wp-content\/uploads\/2025\/10\/lucila_cortina.jpg\" alt=\"\" class=\"wp-image-3465\" srcset=\"https:\/\/educacioncontinua.geofisica.unam.mx\/wp-content\/uploads\/2025\/10\/lucila_cortina.jpg 768w, https:\/\/educacioncontinua.geofisica.unam.mx\/wp-content\/uploads\/2025\/10\/lucila_cortina-257x300.jpg 257w\" sizes=\"(max-width: 768px) 100vw, 768px\" \/><\/figure>\n\n\n\n<h2 class=\"wp-block-heading\">Ing. Lucila Margarita Cortina Urrutia<\/h2>\n\n\n\n<p><strong>Secretaria<\/strong><\/p>\n\n\n\n<p><\/p>\n<\/div>\n\n\n\n<div class=\"wp-block-column is-style-default is-layout-flow wp-block-column-is-layout-flow\" style=\"border-style:none;border-width:0px;padding-top:0;padding-right:0;padding-bottom:0;padding-left:0\">\n<figure class=\"wp-block-image size-full\"><img loading=\"lazy\" decoding=\"async\" width=\"768\" height=\"895\" src=\"https:\/\/educacioncontinua.geofisica.unam.mx\/wp-content\/uploads\/2025\/10\/giovanni_sosa-1.jpg\" alt=\"\" class=\"wp-image-3468\" srcset=\"https:\/\/educacioncontinua.geofisica.unam.mx\/wp-content\/uploads\/2025\/10\/giovanni_sosa-1.jpg 768w, https:\/\/educacioncontinua.geofisica.unam.mx\/wp-content\/uploads\/2025\/10\/giovanni_sosa-1-257x300.jpg 257w\" sizes=\"(max-width: 768px) 100vw, 768px\" \/><\/figure>\n\n\n\n<h2 class=\"wp-block-heading\">Dr. Giovanni Sosa Ceballos<\/h2>\n\n\n\n<p>Vocal<\/p>\n<\/div>\n<\/div>\n\n\n\n<div style=\"height:100px\" aria-hidden=\"true\" class=\"wp-block-spacer\"><\/div>\n\n\n\n<div class=\"wp-block-columns is-layout-flex wp-container-core-columns-is-layout-5 wp-block-columns-is-layout-flex\">\n<div class=\"wp-block-column is-style-default is-layout-flow wp-block-column-is-layout-flow\" style=\"border-style:none;border-width:0px;padding-top:0;padding-right:0;padding-bottom:0;padding-left:0\">\n<figure class=\"wp-block-image size-full\"><img loading=\"lazy\" decoding=\"async\" width=\"768\" height=\"895\" src=\"https:\/\/educacioncontinua.geofisica.unam.mx\/wp-content\/uploads\/2025\/10\/guadalupe_cordero.jpg\" alt=\"\" class=\"wp-image-3469\" srcset=\"https:\/\/educacioncontinua.geofisica.unam.mx\/wp-content\/uploads\/2025\/10\/guadalupe_cordero.jpg 768w, https:\/\/educacioncontinua.geofisica.unam.mx\/wp-content\/uploads\/2025\/10\/guadalupe_cordero-257x300.jpg 257w\" sizes=\"(max-width: 768px) 100vw, 768px\" \/><\/figure>\n\n\n\n<h2 class=\"wp-block-heading\">Dra. Mar\u00eda Guadalupe Cordero Tercero<\/h2>\n\n\n\n<p>Vocal<\/p>\n<\/div>\n\n\n\n<div class=\"wp-block-column is-style-default is-layout-flow wp-block-column-is-layout-flow\" style=\"border-style:none;border-width:0px;padding-top:0;padding-right:0;padding-bottom:0;padding-left:0\">\n<figure class=\"wp-block-image size-full is-resized\"><img loading=\"lazy\" decoding=\"async\" width=\"3712\" height=\"4548\" src=\"https:\/\/educacioncontinua.geofisica.unam.mx\/wp-content\/uploads\/2025\/04\/luis_antonio.png\" alt=\"\" class=\"wp-image-2991\" style=\"width:335px;height:auto\" srcset=\"https:\/\/educacioncontinua.geofisica.unam.mx\/wp-content\/uploads\/2025\/04\/luis_antonio.png 3712w, https:\/\/educacioncontinua.geofisica.unam.mx\/wp-content\/uploads\/2025\/04\/luis_antonio-245x300.png 245w, https:\/\/educacioncontinua.geofisica.unam.mx\/wp-content\/uploads\/2025\/04\/luis_antonio-836x1024.png 836w, https:\/\/educacioncontinua.geofisica.unam.mx\/wp-content\/uploads\/2025\/04\/luis_antonio-2000x2450.png 2000w\" sizes=\"(max-width: 3712px) 100vw, 3712px\" \/><\/figure>\n\n\n\n<h2 class=\"wp-block-heading\">Dr. <strong>Luis Antonio Dom\u00ednguez Ram\u00edrez<\/strong><\/h2>\n\n\n\n<p>Vocal<\/p>\n<\/div>\n\n\n\n<div class=\"wp-block-column is-style-default is-layout-flow wp-block-column-is-layout-flow\" style=\"border-style:none;border-width:0px;padding-top:0;padding-right:0;padding-bottom:0;padding-left:0\">\n<figure class=\"wp-block-image size-full is-resized\"><img loading=\"lazy\" decoding=\"async\" width=\"400\" height=\"495\" src=\"https:\/\/educacioncontinua.geofisica.unam.mx\/wp-content\/uploads\/2025\/10\/Foto-claudia_magali_chavez_min.png\" alt=\"\" class=\"wp-image-3471\" style=\"width:331px;height:auto\" srcset=\"https:\/\/educacioncontinua.geofisica.unam.mx\/wp-content\/uploads\/2025\/10\/Foto-claudia_magali_chavez_min.png 400w, https:\/\/educacioncontinua.geofisica.unam.mx\/wp-content\/uploads\/2025\/10\/Foto-claudia_magali_chavez_min-242x300.png 242w\" sizes=\"(max-width: 400px) 100vw, 400px\" \/><\/figure>\n\n\n\n<h2 class=\"wp-block-heading\">Dra. Claudia Magali Ch\u00e1vez Lara<\/h2>\n\n\n\n<p>Vocal<\/p>\n<\/div>\n<\/div>\n\n\n\n<div style=\"height:100px\" aria-hidden=\"true\" class=\"wp-block-spacer\"><\/div>\n\n\n\n<div class=\"wp-block-columns is-layout-flex wp-container-core-columns-is-layout-6 wp-block-columns-is-layout-flex\">\n<div class=\"wp-block-column is-style-default is-layout-flow wp-block-column-is-layout-flow\" style=\"border-style:none;border-width:0px;padding-top:0;padding-right:0;padding-bottom:0;padding-left:0\">\n<h2 class=\"wp-block-heading\"><\/h2>\n<\/div>\n\n\n\n<div class=\"wp-block-column is-style-default is-layout-flow wp-block-column-is-layout-flow\" style=\"border-style:none;border-width:0px;padding-top:0;padding-right:0;padding-bottom:0;padding-left:0\">\n<figure class=\"wp-block-image size-full is-resized\"><img loading=\"lazy\" decoding=\"async\" width=\"768\" height=\"895\" src=\"https:\/\/educacioncontinua.geofisica.unam.mx\/wp-content\/uploads\/2025\/10\/Giovanni-Carabali.jpg\" alt=\"\" class=\"wp-image-3466\" style=\"width:366px;height:auto\" srcset=\"https:\/\/educacioncontinua.geofisica.unam.mx\/wp-content\/uploads\/2025\/10\/Giovanni-Carabali.jpg 768w, https:\/\/educacioncontinua.geofisica.unam.mx\/wp-content\/uploads\/2025\/10\/Giovanni-Carabali-257x300.jpg 257w\" sizes=\"(max-width: 768px) 100vw, 768px\" \/><\/figure>\n\n\n\n<h2 class=\"wp-block-heading\">Dr. Giovanni Alberto Carabali Sandoval<\/h2>\n\n\n\n<p><strong>Invitado<\/strong><\/p>\n\n\n\n<p><\/p>\n<\/div>\n\n\n\n<div class=\"wp-block-column is-style-default is-layout-flow wp-block-column-is-layout-flow\" style=\"border-style:none;border-width:0px;padding-top:0;padding-right:0;padding-bottom:0;padding-left:0\">\n<h2 class=\"wp-block-heading\"><\/h2>\n<\/div>\n<\/div>\n<\/div>\n\n\n\n<div style=\"height:82px\" aria-hidden=\"true\" class=\"wp-block-spacer\"><\/div>\n<\/div>\n\n\n\n<pre class=\"wp-block-verse\"><em><strong>Reglamento Interno del Comit\u00e9 de Educaci\u00f3n Continua<\/strong><\/em>, cons\u00faltalo <strong><a href=\"https:\/\/drive.google.com\/file\/d\/1izs_UeguWC_YoZZuv-L0wo-QCtEgUA7v\/view?usp=sharing\" data-type=\"link\" data-id=\"https:\/\/drive.google.com\/file\/d\/1ebeDdhpqKuwGUAx-eo4isyrDWiQA-f_6\/view?usp=sharing\" target=\"_blank\" rel=\"noreferrer noopener\">aqu\u00ed<\/a><\/strong>.<\/pre>\n\n\n\n<pre class=\"wp-block-verse\"><em><strong>Lineamientos de Educaci\u00f3n Continua<\/strong><\/em>, cons\u00faltalo <strong><a href=\"https:\/\/educacioncontinua.geofisica.unam.mx\/wp-content\/uploads\/2025\/11\/GeofisicaUNAM_lineamientos_EC-rev_27-nov-25.pdf\" data-type=\"link\" data-id=\"https:\/\/drive.google.com\/file\/d\/1ebeDdhpqKuwGUAx-eo4isyrDWiQA-f_6\/view?usp=sharing\" target=\"_blank\" rel=\"noreferrer noopener\">aqu\u00ed<\/a><\/strong>.<\/pre>\n\n\n\n<div style=\"height:100px\" aria-hidden=\"true\" class=\"wp-block-spacer\"><\/div>\n","protected":false},"excerpt":{"rendered":"<p>Misi\u00f3n La Unidad de Educaci\u00f3n Continua tiene como misi\u00f3n proporcionar programas educativos diversificados, que incluyen tanto formaci\u00f3n especializada en ciencias de la Tierra y disciplinas afines, como actividades acad\u00e9micas de inter\u00e9s general.&nbsp; Visi\u00f3n Ser un centro de referencia en educaci\u00f3n continua, reconocido por su capacidad para integrar la formaci\u00f3n especializada en ciencias de la Tierra &hellip; <\/p>\n<p class=\"link-more\"><a href=\"https:\/\/educacioncontinua.geofisica.unam.mx\/\" class=\"more-link\">Read more<span class=\"screen-reader-text\"> &#8220;Inicio&#8221;<\/span><\/a><\/p>\n","protected":false},"author":1,"featured_media":0,"parent":0,"menu_order":0,"comment_status":"closed","ping_status":"closed","template":"","meta":{"footnotes":""},"class_list":["post-42","page","type-page","status-publish","hentry"],"_links":{"self":[{"href":"https:\/\/educacioncontinua.geofisica.unam.mx\/index.php\/wp-json\/wp\/v2\/pages\/42"}],"collection":[{"href":"https:\/\/educacioncontinua.geofisica.unam.mx\/index.php\/wp-json\/wp\/v2\/pages"}],"about":[{"href":"https:\/\/educacioncontinua.geofisica.unam.mx\/index.php\/wp-json\/wp\/v2\/types\/page"}],"author":[{"embeddable":true,"href":"https:\/\/educacioncontinua.geofisica.unam.mx\/index.php\/wp-json\/wp\/v2\/users\/1"}],"replies":[{"embeddable":true,"href":"https:\/\/educacioncontinua.geofisica.unam.mx\/index.php\/wp-json\/wp\/v2\/comments?post=42"}],"version-history":[{"count":44,"href":"https:\/\/educacioncontinua.geofisica.unam.mx\/index.php\/wp-json\/wp\/v2\/pages\/42\/revisions"}],"predecessor-version":[{"id":3806,"href":"https:\/\/educacioncontinua.geofisica.unam.mx\/index.php\/wp-json\/wp\/v2\/pages\/42\/revisions\/3806"}],"wp:attachment":[{"href":"https:\/\/educacioncontinua.geofisica.unam.mx\/index.php\/wp-json\/wp\/v2\/media?parent=42"}],"curies":[{"name":"wp","href":"https:\/\/api.w.org\/{rel}","templated":true}]}}